{"id":37,"date":"2022-09-22T09:37:13","date_gmt":"2022-09-22T09:37:13","guid":{"rendered":"http:\/\/ljubljananightlife.com\/?page_id=37"},"modified":"2022-10-17T08:43:44","modified_gmt":"2022-10-17T08:43:44","slug":"partners","status":"publish","type":"page","link":"https:\/\/ljubljananightlife.com\/nl\/partners\/","title":{"rendered":"Partners"},"content":{"rendered":"<h3 class=\"wp-block-heading\"><strong><a rel=\"noreferrer noopener\" href=\"https:\/\/biketourljubljana.com\/\" target=\"_blank\">FIETSTOCHT LJUBLJANA<\/a><\/strong><\/h3>\n\n\n\n<p>Een ontspannen, levendige en leuke manier door de sc\u00e8nes en het rijke culturele erfgoed van Ljubljana. Naast prachtige bezienswaardigheden vertellen we ook intrigerende verhalen uit het verleden en de actuele gebeurtenissen in de stad.<\/p>\n\n\n\n<h3 class=\"wp-block-heading\"><strong><a href=\"http:\/\/day-trips-slovenia.com\/\" target=\"_blank\" rel=\"noreferrer noopener\">DAGTOCHTEN SLOVENI\u00cb<\/a><\/strong><\/h3>\n\n\n\n<p>Een kleine groep dagtochten en priv\u00e9 tours vanuit Ljubljana, Bled, Koper, Zagreb en Veneti\u00eb om de beste plekken in Sloveni\u00eb te zien in combinatie met dagtochten naar buurlanden Kroati\u00eb en Itali\u00eb.<\/p>\n\n\n\n<h3 class=\"wp-block-heading\"><strong><a href=\"http:\/\/fishing-guides-slovenia.com\/\" target=\"_blank\" rel=\"noreferrer noopener\">VISGIDSEN SLOVENI\u00cb<\/a><\/strong><\/h3>\n\n\n\n<p>Onvergetelijke viservaring (trip &amp; vakantie, huur uitrusting) met lokale vissers op prachtige verborgen plekjes in Sloveni\u00eb.<\/p>\n\n\n\n<h3 class=\"wp-block-heading\"><strong><a href=\"https:\/\/slovenia-holidays.com\/\" target=\"_blank\" rel=\"noreferrer noopener\">SLOVENI\u00cb VAKANTIE<\/a><\/strong><\/h3>\n\n\n\n<p>De grootste verscheidenheid aan vakanties in Sloveni\u00eb. Van actieve en avontuurlijke pakketten tot georganiseerde reizen met buitenactiviteiten, van gezinsvakanties en relaxte stedentrips tot luxe vakanties en vakanties op maat. Waar je voorkeur ook naar uitgaat, Sloveni\u00eb Holidays heeft de beste begeleide &amp; zelfbegeleide tours voor je.<\/p>\n\n\n\n<h3 class=\"wp-block-heading\"><strong><a href=\"https:\/\/wine-tours-slovenia.com\/\" target=\"_blank\" rel=\"noreferrer noopener\">WIJNTOURS SLOVENI\u00cb<\/a><\/strong><\/h3>\n\n\n\n<p>Wijntours zijn perfect voor zowel beginnende als gevorderde wijnproevers. Je hebt geen voorkennis nodig. Het enige dat nodig is, is de wens om te ontspannen, wijn te drinken en nog meer te ontspannen.<\/p>\n\n\n\n<p>Er is geen betere manier om de rijke Sloveense wijntraditie uit de eerste hand te ervaren, te socialiseren met andere reizigers en te proeven van de buit van de natuur op \u00e9\u00e9n dag.<\/p>\n\n\n\n<h3 class=\"wp-block-heading\"><strong><a href=\"https:\/\/bearwatchingslovenia.com\/\" target=\"_blank\" rel=\"noreferrer noopener\">BEREN KIJKEN SLOVENI\u00cb<\/a><\/strong><\/h3>\n\n\n\n<p>Beleef de sensatie van het beren kijken in de ongerepte natuurlijke bossen van Sloveni\u00eb. Volg een wildlife-expert tot diep in het bos, waar je de inheemse Sloveense bruine beer ontmoet door de brede ramen van een veilige houten uitkijkpost - perfect voor het maken van prachtige foto's.<\/p>\n\n\n\n<h3 class=\"wp-block-heading\"><strong><a href=\"https:\/\/sloveniacyclingholidays.com\/\">SLOVENI\u00cb FIETSVAKANTIE<\/a><\/strong><\/h3>\n\n\n\n<p>Fietstochten met of zonder gids door Sloveni\u00eb.<\/p>\n\n\n\n<h3 class=\"wp-block-heading\"><strong><a href=\"https:\/\/walking-holidays-slovenia.com\/\">WANDELVAKANTIES SLOVENI\u00cb<\/a><\/strong><\/h3>\n\n\n\n<p>Wandeltochten om de Sloveense natuur te ontdekken.<\/p>\n\n\n\n<h3 class=\"wp-block-heading\"><strong><a href=\"https:\/\/slovenia-fly-fishing.com\/\">SLOVENI\u00cb VLIEGVISSEN<\/a><\/strong><\/h3>\n\n\n\n<p>Vliegvissen met gids in de prachtige Sloveense wateren om de vis van je leven te vangen.<\/p>\n\n\n\n<h3 class=\"wp-block-heading\"><strong><a href=\"https:\/\/huttohuthikingslovenia.com\/\">VAN HUT NAAR HUT WANDELEN SLOVENI\u00cb<\/a><\/strong><\/h3>\n\n\n\n<p>Wandel over de mooiste paden in de Julische Alpen.<\/p>\n\n\n\n<h3 class=\"wp-block-heading\"><strong><a href=\"https:\/\/triglavtours.com\/\">TRIGLAV REIZEN<\/a><\/strong><\/h3>\n\n\n\n<p>Begeleide tochten op de meest iconische berg van Sloveni\u00eb.<\/p>\n\n\n\n<h3 class=\"wp-block-heading\"><strong><a href=\"https:\/\/slovenia-activities.com\/\">SLOVENI\u00cb ACTIVITEITEN<\/a><\/strong><\/h3>\n\n\n\n<p>Ervaar de leukste dingen om te doen in Sloveni\u00eb.<\/p>\n\n\n\n<h3 class=\"wp-block-heading\"><strong><a href=\"https:\/\/weddinglakebled.com\/\">BRUILOFT MEER BLOEDE<\/a><\/strong><\/h3>\n\n\n\n<p>Zij ontwerpen en plannen jullie perfecte bruiloft in Sloveni\u00eb<\/p>\n\n\n\n<h3 class=\"wp-block-heading\"><strong><a href=\"https:\/\/winetastingbled.com\/\">WIJNPROEVERIJ BLED<\/a><\/strong><\/h3>\n\n\n\n<p>Ervaar de wereld van Sloveense wijnen.<\/p>\n\n\n\n<h3 class=\"wp-block-heading\"><strong><a href=\"https:\/\/winetastingljubljana.com\/\">WIJNPROEVERIJ LJUBLJANA<\/a><\/strong><\/h3>\n\n\n\n<p>Een unieke wijnproeverij in het centrum van de bruisende hoofdstad van Sloveni\u00eb.<\/p>\n\n\n\n<h3 class=\"wp-block-heading\"><strong><a href=\"https:\/\/foodtourbled.com\/\">VOEDSELTOER BLOED<\/a><\/strong><\/h3>\n\n\n\n<p>Betoverende culinaire reis in Bled.<\/p>\n\n\n\n<h3 class=\"wp-block-heading\"><strong><a href=\"https:\/\/foodtourljubljana.com\/\">VOEDSEL TOUR LJUBLJANA<\/a><\/strong><\/h3>\n\n\n\n<p>Proef Sloveni\u00eb via lokale restaurants.<\/p>\n\n\n\n<h3 class=\"wp-block-heading\"><strong><a href=\"https:\/\/cookingclassljubljana.com\/\">KOOKLES LJUBLJANA<\/a><\/strong><\/h3>\n\n\n\n<p>Bereid een traditioneel Sloveens gerecht ge\u00efnspireerd op grootmoeders recepten.<\/p>\n\n\n\n<h3 class=\"wp-block-heading\"><strong><a href=\"https:\/\/thebalkantours.com\/\">DE BALKAN TOUR<\/a><\/strong><\/h3>\n\n\n\n<p>Onvergetelijke vakanties in de Balkanlanden.<\/p>\n\n\n\n<h3 class=\"wp-block-heading\"><strong><a href=\"https:\/\/hvarstagdo.com\/\">HVAR STAG DO<\/a><\/strong><\/h3>\n\n\n\n<p>Beleef een supergezellig Stag Weekend op het beste feesteiland van Kroati\u00eb.<\/p>\n\n\n\n<h3 class=\"wp-block-heading\"><strong><a href=\"https:\/\/croatiatunafishing.com\/\">VISSEN OP TONIJN IN KROATI\u00cb<\/a><\/strong><\/h3>\n\n\n\n<p>Big game vischarters om de tonijn van je leven te vangen.<\/p>\n\n\n\n<h3 class=\"wp-block-heading\"><strong><a href=\"https:\/\/sloveniaprivatetours.com\/\" target=\"_blank\" rel=\"noreferrer noopener\">SLOVENI\u00cb PRIV\u00c9 TOURS<\/a><\/strong><\/h3>\n\n\n\n<p>Sloveni\u00eb Priv\u00e9 Tours zijn jouw kans om ons land volledig stressvrij te ervaren, genietend van het gezelschap van een professionele lokale chauffeur en gids die je laten zien waar Sloveni\u00eb allemaal om draait.<\/p>\n\n\n\n<h3 class=\"wp-block-heading\"><strong><a href=\"https:\/\/shoreexcursionskoper.com\/\" target=\"_blank\" rel=\"noreferrer noopener\">EXCURSIES NAAR KOPER<\/a><\/strong><\/h3>\n\n\n\n<p>De beste begeleide excursies vanaf Koper door Sloveni\u00eb om de topattracties en verborgen juweeltjes te ontdekken.<\/p>\n\n\n\n<h3 class=\"wp-block-heading\"><a href=\"https:\/\/sloveniawedding.com\/\" target=\"_blank\" rel=\"noreferrer noopener\"><strong>BRUILOFT IN SLOVENI\u00cb<\/strong><\/a><\/h3>\n\n\n\n<p>Een verscheidenheid aan fantastische trouwpakketten en prachtige locaties in heel Sloveni\u00eb.<\/p>\n\n\n\n<h3 class=\"wp-block-heading\"><a href=\"https:\/\/sloveniatours.com\/\" target=\"_blank\" rel=\"noreferrer noopener\"><strong>SLOVENI\u00cb REIZEN<\/strong><\/a><\/h3>\n\n\n\n<p>Meerdaagse rondreizen met gids naar Sloveni\u00eb om zowel de topattracties als de verborgen juweeltjes te ontdekken. Van een ontspannen tot een meer actieve vakantie, hun lokale gidsen begeleiden je op je reis door het beste van Sloveni\u00eb.<\/p>","protected":false},"excerpt":{"rendered":"<p>FIETSTOCHT LJUBLJANA Een ontspannen, levendige en leuke manier door de sc\u00e8nes en het rijke culturele erfgoed van Ljubljana. Naast prachtige bezienswaardigheden vertellen we ook intrigerende verhalen uit het verleden en de actuele gebeurtenissen in de stad. DAY TRIPS SLOVENI\u00cb Dagtochten in kleine groepen en priv\u00e9tours vanuit Ljubljana, Bled, Koper, Zagreb en ... <a href=\"https:\/\/ljubljananightlife.com\/nl\/partners\/\">Vervolg<\/a><\/p>","protected":false},"author":43,"featured_media":0,"parent":0,"menu_order":0,"comment_status":"closed","ping_status":"closed","template":"","meta":{"_acf_changed":false,"footnotes":""},"class_list":["post-37","page","type-page","status-publish","hentry"],"acf":{"page_subheading":""},"_links":{"self":[{"href":"https:\/\/ljubljananightlife.com\/nl\/wp-json\/wp\/v2\/pages\/37","targetHints":{"allow":["GET"]}}],"collection":[{"href":"https:\/\/ljubljananightlife.com\/nl\/wp-json\/wp\/v2\/pages"}],"about":[{"href":"https:\/\/ljubljananightlife.com\/nl\/wp-json\/wp\/v2\/types\/page"}],"author":[{"embeddable":true,"href":"https:\/\/ljubljananightlife.com\/nl\/wp-json\/wp\/v2\/users\/43"}],"replies":[{"embeddable":true,"href":"https:\/\/ljubljananightlife.com\/nl\/wp-json\/wp\/v2\/comments?post=37"}],"version-history":[{"count":2,"href":"https:\/\/ljubljananightlife.com\/nl\/wp-json\/wp\/v2\/pages\/37\/revisions"}],"predecessor-version":[{"id":133,"href":"https:\/\/ljubljananightlife.com\/nl\/wp-json\/wp\/v2\/pages\/37\/revisions\/133"}],"wp:attachment":[{"href":"https:\/\/ljubljananightlife.com\/nl\/wp-json\/wp\/v2\/media?parent=37"}],"curies":[{"name":"wp","href":"https:\/\/api.w.org\/{rel}","templated":true}]}}