{"id":37,"date":"2022-09-22T09:37:13","date_gmt":"2022-09-22T09:37:13","guid":{"rendered":"http:\/\/ljubljananightlife.com\/?page_id=37"},"modified":"2022-10-17T08:43:44","modified_gmt":"2022-10-17T08:43:44","slug":"partnere","status":"publish","type":"page","link":"https:\/\/ljubljananightlife.com\/da\/partnere\/","title":{"rendered":"Partnere"},"content":{"rendered":"<h3 class=\"wp-block-heading\"><strong><a rel=\"noreferrer noopener\" href=\"https:\/\/biketourljubljana.com\/\" target=\"_blank\">CYKELTUR LJUBLJANA<\/a><\/strong><\/h3>\n\n\n\n<p>En afslappet, livlig og sjov tur gennem Ljubljanas scener og rige kulturarv. Ud over smukke sev\u00e6rdigheder deler vi ogs\u00e5 sp\u00e6ndende historier fra fortiden, s\u00e5vel som de seneste begivenheder i byen.<\/p>\n\n\n\n<h3 class=\"wp-block-heading\"><strong><a href=\"http:\/\/day-trips-slovenia.com\/\" target=\"_blank\" rel=\"noreferrer noopener\">DAGSTURE SLOVENIEN<\/a><\/strong><\/h3>\n\n\n\n<p>Endagsture i sm\u00e5 grupper og private ture fra Ljubljana, Bled, Koper, Zagreb og Venedig for at se de bedste steder i Slovenien i kombination med dagsture til nabolandene Kroatien og Italien.<\/p>\n\n\n\n<h3 class=\"wp-block-heading\"><strong><a href=\"http:\/\/fishing-guides-slovenia.com\/\" target=\"_blank\" rel=\"noreferrer noopener\">FISKEGUIDER SLOVENIEN<\/a><\/strong><\/h3>\n\n\n\n<p>Uforglemmelig fiskeoplevelse (tur og ferie, leje af udstyr) med lokale fiskere p\u00e5 smukke skjulte steder i hele Slovenien.<\/p>\n\n\n\n<h3 class=\"wp-block-heading\"><strong><a href=\"https:\/\/slovenia-holidays.com\/\" target=\"_blank\" rel=\"noreferrer noopener\">FERIE I SLOVENIEN<\/a><\/strong><\/h3>\n\n\n\n<p>Det bredeste udvalg af ferier i Slovenien. Fra aktive og eventyrlige pakker til organiserede ture med udend\u00f8rs aktiviteter, fra familieferier og afslappede storbyferier til luksus og skr\u00e6ddersyede ferier. Uanset hvad du foretr\u00e6kker, har Slovenia Holidays d\u00e6kket dig ind med de bedste guidede og selvguidede ture.<\/p>\n\n\n\n<h3 class=\"wp-block-heading\"><strong><a href=\"https:\/\/wine-tours-slovenia.com\/\" target=\"_blank\" rel=\"noreferrer noopener\">VINREJSER SLOVENIEN<\/a><\/strong><\/h3>\n\n\n\n<p>Wine Tours er perfekte for b\u00e5de nybegyndere og erfarne vinsmagere. Du har ikke brug for nogen forudg\u00e5ende viden. Det eneste, der kr\u00e6ves, er lysten til at slappe af, drikke vin og slappe af lidt mere.<\/p>\n\n\n\n<p>Der er ingen bedre m\u00e5de at opleve Sloveniens rige vinfremstillingstradition p\u00e5 f\u00f8rste h\u00e5nd, socialisere med andre rejsende og smage p\u00e5 naturens goder p\u00e5 en enkelt dag.<\/p>\n\n\n\n<h3 class=\"wp-block-heading\"><strong><a href=\"https:\/\/bearwatchingslovenia.com\/\" target=\"_blank\" rel=\"noreferrer noopener\">BJ\u00d8RNEOBSERVATION SLOVENIEN<\/a><\/strong><\/h3>\n\n\n\n<p>Oplev sp\u00e6ndingen ved at se p\u00e5 bj\u00f8rne i Sloveniens uber\u00f8rte naturskove. F\u00f8lg en ekspert i vilde dyr dybt ind i skoven, hvor du m\u00f8der Sloveniens oprindelige brune bj\u00f8rn gennem de store vinduer i en sikker udkigspost af tr\u00e6 - perfekt til at tage fantastiske fotos.<\/p>\n\n\n\n<h3 class=\"wp-block-heading\"><strong><a href=\"https:\/\/sloveniacyclingholidays.com\/\">CYKELFERIE I SLOVENIEN<\/a><\/strong><\/h3>\n\n\n\n<p>Guidede eller selvguidede cykelture i hele Slovenien.<\/p>\n\n\n\n<h3 class=\"wp-block-heading\"><strong><a href=\"https:\/\/walking-holidays-slovenia.com\/\">VANDREFERIE SLOVENIEN<\/a><\/strong><\/h3>\n\n\n\n<p>Vandreture for at opdage den slovenske natur.<\/p>\n\n\n\n<h3 class=\"wp-block-heading\"><strong><a href=\"https:\/\/slovenia-fly-fishing.com\/\">SLOVENIEN FLUEFISKERI<\/a><\/strong><\/h3>\n\n\n\n<p>Guidet fluefiskeri i Sloveniens fantastiske farvande for at fange dit livs fisk.<\/p>\n\n\n\n<h3 class=\"wp-block-heading\"><strong><a href=\"https:\/\/huttohuthikingslovenia.com\/\">HUT TIL HUT-VANDRING SLOVENIEN<\/a><\/strong><\/h3>\n\n\n\n<p>Vandre p\u00e5 de fineste stier i De Julianske Alper.<\/p>\n\n\n\n<h3 class=\"wp-block-heading\"><strong><a href=\"https:\/\/triglavtours.com\/\">TRIGLAV TOURS<\/a><\/strong><\/h3>\n\n\n\n<p>Guidede ture op ad Sloveniens mest ikoniske bjerg.<\/p>\n\n\n\n<h3 class=\"wp-block-heading\"><strong><a href=\"https:\/\/slovenia-activities.com\/\">SLOVENIEN AKTIVITETER<\/a><\/strong><\/h3>\n\n\n\n<p>Oplev de bedste ting at lave i Slovenien.<\/p>\n\n\n\n<h3 class=\"wp-block-heading\"><strong><a href=\"https:\/\/weddinglakebled.com\/\">BRYLLUP S\u00d8 BLED<\/a><\/strong><\/h3>\n\n\n\n<p>De designer og planl\u00e6gger dit perfekte destinationsbryllup i Slovenien<\/p>\n\n\n\n<h3 class=\"wp-block-heading\"><strong><a href=\"https:\/\/winetastingbled.com\/\">VINSMAGNING BLED<\/a><\/strong><\/h3>\n\n\n\n<p>Oplev en verden af slovenske vine.<\/p>\n\n\n\n<h3 class=\"wp-block-heading\"><strong><a href=\"https:\/\/winetastingljubljana.com\/\">VINSMAGNING LJUBLJANA<\/a><\/strong><\/h3>\n\n\n\n<p>En enest\u00e5ende vinsmagningsoplevelse i centrum af Sloveniens pulserende hovedstad.<\/p>\n\n\n\n<h3 class=\"wp-block-heading\"><strong><a href=\"https:\/\/foodtourbled.com\/\">FOOD TOUR BLED<\/a><\/strong><\/h3>\n\n\n\n<p>Fortryllende madrejse i Bled.<\/p>\n\n\n\n<h3 class=\"wp-block-heading\"><strong><a href=\"https:\/\/foodtourljubljana.com\/\">MADTUR I LJUBLJANA<\/a><\/strong><\/h3>\n\n\n\n<p>Smag p\u00e5 Slovenien gennem lokale restauranter.<\/p>\n\n\n\n<h3 class=\"wp-block-heading\"><strong><a href=\"https:\/\/cookingclassljubljana.com\/\">MADLAVNINGSKURSUS LJUBLJANA<\/a><\/strong><\/h3>\n\n\n\n<p>Tilbered en traditionel slovensk ret inspireret af bedstemors opskrifter.<\/p>\n\n\n\n<h3 class=\"wp-block-heading\"><strong><a href=\"https:\/\/thebalkantours.com\/\">BALKAN-TUREN<\/a><\/strong><\/h3>\n\n\n\n<p>Uforglemmelige ferier p\u00e5 tv\u00e6rs af Balkanlandene.<\/p>\n\n\n\n<h3 class=\"wp-block-heading\"><strong><a href=\"https:\/\/hvarstagdo.com\/\">HVAR STAG DO<\/a><\/strong><\/h3>\n\n\n\n<p>F\u00e5 en episk svenskerweekend p\u00e5 Kroatiens bedste fest\u00f8.<\/p>\n\n\n\n<h3 class=\"wp-block-heading\"><strong><a href=\"https:\/\/croatiatunafishing.com\/\">TUNFISKERI I KROATIEN<\/a><\/strong><\/h3>\n\n\n\n<p>Big game fiskecharter for at fange dit livs tun.<\/p>\n\n\n\n<h3 class=\"wp-block-heading\"><strong><a href=\"https:\/\/sloveniaprivatetours.com\/\" target=\"_blank\" rel=\"noreferrer noopener\">SLOVENIEN PRIVATE TURE<\/a><\/strong><\/h3>\n\n\n\n<p>Private ture til Slovenien er din chance for at opleve vores land helt uden stress, i selskab med en professionel lokal chauff\u00f8r og guide, som vil vise dig, hvad Slovenien handler om.<\/p>\n\n\n\n<h3 class=\"wp-block-heading\"><strong><a href=\"https:\/\/shoreexcursionskoper.com\/\" target=\"_blank\" rel=\"noreferrer noopener\">LANDUDFLUGTER KOPER<\/a><\/strong><\/h3>\n\n\n\n<p>De bedste guidede udflugter fra Koper rundt i Slovenien for at opdage b\u00e5de topattraktioner og skjulte perler.<\/p>\n\n\n\n<h3 class=\"wp-block-heading\"><a href=\"https:\/\/sloveniawedding.com\/\" target=\"_blank\" rel=\"noreferrer noopener\"><strong>BRYLLUP I SLOVENIEN<\/strong><\/a><\/h3>\n\n\n\n<p>Et udvalg af fantastiske bryllupspakker og smukke steder over hele Slovenien.<\/p>\n\n\n\n<h3 class=\"wp-block-heading\"><a href=\"https:\/\/sloveniatours.com\/\" target=\"_blank\" rel=\"noreferrer noopener\"><strong>SLOVENIEN REJSER<\/strong><\/a><\/h3>\n\n\n\n<p>Flerdages guidede ture til Slovenien for at opdage b\u00e5de landets st\u00f8rste attraktioner og skjulte perler. Fra den afslappede til den mere aktive ferie vil deres lokale guider ledsage dig p\u00e5 rejsen gennem det bedste af Slovenien.<\/p>","protected":false},"excerpt":{"rendered":"<p>CYKELTUR LJUBLJANA En afslappet, levende og sjov vej gennem Ljubljanas scener og rige kulturarv. Ud over smukke sev\u00e6rdigheder fort\u00e6ller vi ogs\u00e5 sp\u00e6ndende historier fra fortiden og om, hvad der sker i byen lige nu. DAGSTURE SLOVENIEN En lille gruppe dagsture og private ture fra Ljubljana, Bled, Koper, Zagreb og ... <a href=\"https:\/\/ljubljananightlife.com\/da\/partnere\/\">Fortsat<\/a><\/p>","protected":false},"author":43,"featured_media":0,"parent":0,"menu_order":0,"comment_status":"closed","ping_status":"closed","template":"","meta":{"_acf_changed":false,"footnotes":""},"class_list":["post-37","page","type-page","status-publish","hentry"],"acf":{"page_subheading":""},"_links":{"self":[{"href":"https:\/\/ljubljananightlife.com\/da\/wp-json\/wp\/v2\/pages\/37","targetHints":{"allow":["GET"]}}],"collection":[{"href":"https:\/\/ljubljananightlife.com\/da\/wp-json\/wp\/v2\/pages"}],"about":[{"href":"https:\/\/ljubljananightlife.com\/da\/wp-json\/wp\/v2\/types\/page"}],"author":[{"embeddable":true,"href":"https:\/\/ljubljananightlife.com\/da\/wp-json\/wp\/v2\/users\/43"}],"replies":[{"embeddable":true,"href":"https:\/\/ljubljananightlife.com\/da\/wp-json\/wp\/v2\/comments?post=37"}],"version-history":[{"count":2,"href":"https:\/\/ljubljananightlife.com\/da\/wp-json\/wp\/v2\/pages\/37\/revisions"}],"predecessor-version":[{"id":133,"href":"https:\/\/ljubljananightlife.com\/da\/wp-json\/wp\/v2\/pages\/37\/revisions\/133"}],"wp:attachment":[{"href":"https:\/\/ljubljananightlife.com\/da\/wp-json\/wp\/v2\/media?parent=37"}],"curies":[{"name":"wp","href":"https:\/\/api.w.org\/{rel}","templated":true}]}}