{"id":29,"date":"2022-09-22T09:36:31","date_gmt":"2022-09-22T09:36:31","guid":{"rendered":"http:\/\/ljubljananightlife.com\/?page_id=29"},"modified":"2023-03-13T09:56:42","modified_gmt":"2023-03-13T09:56:42","slug":"vilkar-for-service","status":"publish","type":"page","link":"https:\/\/ljubljananightlife.com\/da\/vilkar-for-service\/","title":{"rendered":"Vilk\u00e5r for brug"},"content":{"rendered":"<p>Generelle vilk\u00e5r og betingelser er den grundl\u00e6ggende del af denne reservationsaftale, der er indg\u00e5et mellem Marko Mikelj s.p. (i det f\u00f8lgende ben\u00e6vnt \"Virksomheden\") og kunderne. N\u00e5r kunden gennemf\u00f8rer bookingen, antages det, at han accepterer disse generelle vilk\u00e5r og betingelser. Den booking, kunden foretager, er obligatorisk, og derfor er det muligt for en kunde at annullere sin booking udelukkende i henhold til disse generelle betingelser. Kunden er ansvarlig for alle omkostninger og konsekvenser, som kan opst\u00e5 p\u00e5 grund af de forkerte oplysninger, han har givet, n\u00e5r han foretager en reservation.<\/p>\n\n\n\n<p>Kunden accepterer disse vilk\u00e5r og betingelser ved at bestille tjenester fra virksomheden enten via hjemmeside, e-mail, telefon, ved at foretage en betaling uden forudbestilling eller p\u00e5 nogen anden m\u00e5de.<\/p>\n\n\n\n<p>Virksomheden blev grundlagt med det form\u00e5l at sikre venlige tjenester og at give brugeren oplevelser af h\u00f8j kvalitet.<\/p>\n\n\n\n<p>Virksomhedens brand og hjemmesiden samt alle dens komponenter (programmeringskode, design, fotografier, tekst osv.) og alle undersider er intellektuel ejendom tilh\u00f8rende skaberne af brandet og dermed beskyttet af ophavsret. Enhver kopiering, brug eller misbrug af brandet og\/eller hjemmesiden og dens komponenter er genstand for retssager i henhold til lokal lovgivning.<\/p>\n\n\n\n<p>Vi er forpligtet til at g\u00f8re vores bedste for at levere aktuelle og n\u00f8jagtige oplysninger p\u00e5 virksomhedens hjemmeside. Vi kan dog ikke holdes ansvarlige for fejl, udeladelser eller resultater, der kan opn\u00e5s ved misbrug eller misforst\u00e5else af disse oplysninger. Vi forbeholder os ret til at rette fejl, s\u00e5 snart vi bliver gjort opm\u00e6rksom p\u00e5 dem, og mere generelt til n\u00e5r som helst og uden varsel at \u00e6ndre hele eller dele af hjemmesiden og disse vilk\u00e5r og betingelser uden noget ansvar, der m\u00e5tte opst\u00e5 som f\u00f8lge heraf.<\/p>\n\n\n\n<p>Termer, vi bruger, og deres forklaringer:<\/p>\n\n\n\n<p>100% Money Back Guaranteed - Hvis vi ikke kan levere tjenesten som lovet, og kunden ikke er tilfreds, skal han kommunikere klagen direkte til vores ting s\u00e5 hurtigt som muligt. Hvis vi bliver enige om problemet, kan kunden f\u00e5 alle de penge, der er betalt for den specifikke aktivitet, tilbage.<\/p>\n\n\n\n<p>Webstedet kan indeholde links til andre websteder, som vi ikke bruger. Vi kan p\u00e5 ingen m\u00e5de holdes ansvarlige for, at disse links giver adgang til disse websteder og eksterne kilder, og kan ikke p\u00e5tage os noget ansvar for indhold, reklamer, produkter, tjenester eller andet materiale p\u00e5 eller tilg\u00e6ngeligt fra disse eksterne websteder eller kilder, der hverken er godkendt eller verificeret af vores team.<\/p>\n\n\n\n<p>Alle billederne er symbolske.<\/p>\n\n\n\n<p>Alle oplysninger, som kunden til enhver tid har indsendt, vil blive holdt private og fortrolige, medmindre der er en god grund til det.<\/p>\n\n\n\n<p>Selskabet forbeholder sig ret til at aflyse, \u00e6ndre eller modificere alle faciliteter uden varsel, herunder at \u00e6ndre eller modificere m\u00f8desteder, ruter og priser. I tilf\u00e6lde af en \u00e6ndring vil virksomheden bestr\u00e6be sig p\u00e5 at erstatte alternative arrangementer af sammenlignelig \u00f8konomisk v\u00e6rdi uden kompensation og accepterer intet ansvar for tab af nydelse som f\u00f8lge af disse \u00e6ndringer. Alt dette g\u00f8res for at give vores kunder den bedst mulige oplevelse.<\/p>\n\n\n\n<p>I nogle tilf\u00e6lde er virksomheden et mellemled mellem kunden og den endelige leverand\u00f8r af tjenesten. Selvom vores team er dedikeret til at finde og levere kun de bedste tjenester til dig, kan vi ikke holdes ansvarlige for fejl, uheld eller uagtsomhed beg\u00e5et af tredjeparter.<\/p>\n\n\n\n<p>Hvis kunden kommer for sent til en aktivitet, kan han blive forpligtet til at betale ekstra for de omkostninger, der er forbundet med at komme for sent. Det er dit ansvar at informere medlemmerne af din gruppe om rejseplanen og s\u00f8rge for, at alle m\u00f8der op til tiden. Vi vil altid fors\u00f8ge at give dig aktiviteten senere end oprindeligt planlagt, men hvis vi ikke kan g\u00f8re det, er du ikke berettiget til en refusion. Hvis du ved, at du bliver forsinket, bedes du informere os s\u00e5 hurtigt som muligt.<\/p>\n\n\n\n<p>I tilf\u00e6lde af problemer med nogen af de tjenester, der udf\u00f8res af vores leverand\u00f8r\/partner, vil vi hj\u00e6lpe dig med at l\u00f8se det, men hvis det ikke er muligt, skal du l\u00f8se det direkte med dem.<\/p>\n\n\n\n<p>Hvis du af en eller anden grund \u00f8nsker at afslutte en aktivitet f\u00f8r tid, har du ikke ret til refusion eller rabat.<\/p>\n\n\n\n<p>Virksomheden forbeholder sig den absolutte ret til at afvise en booking efter eget sk\u00f8n af en hvilken som helst grund og til enhver tid. Kunderne accepterer autoriteten og beslutningerne fra vores medarbejdere, guider og tilknyttede virksomheder.<\/p>\n\n\n\n<p>Virksomheden forbeholder sig ret til at aflyse en tur eller smagning under alle omst\u00e6ndigheder, men vil bestr\u00e6be sig p\u00e5 at undg\u00e5 dette, medmindre det er absolut n\u00f8dvendigt.<\/p>\n\n\n\n<p>Alle kunder er ansvarlige for deres egen sikkerhed og velbefindende. Vi opfordrer ikke nogen af vores kunder til at deltage i farlige aktiviteter eller til at drikke for meget. Virksomheden kan ikke p\u00e5tage sig noget ansvar, hvis kunden drikker for meget eller deltager i farlige aktiviteter og lider skade, sygdom, d\u00f8d, tab eller skade som f\u00f8lge heraf.<\/p>\n\n\n\n<p>Nogle programmer omfatter alkoholindtagelse og er kun egnet for deltagere over 18 \u00e5r. Medmindre andet er angivet, er deltagelse kun mulig for deltagere over 18 \u00e5r. Bevis for alder skal fremvises p\u00e5 tidspunktet for deltagelse. Som bevis for alder accepterer vi kun officiel identifikation som pas, k\u00f8rekort og andre bevis for alder (18 plus) kort. Uacceptabel identifikation omfatter fotokopier, studiekort og anden identifikation, der ikke er udstedt af regeringen. Alle kunder skal sikre, at de er i god fysisk og mental form, og at de er i stand til at gennemf\u00f8re turens rejseplan.<\/p>\n\n\n\n<p>Ved at foretage en booking accepterer hver kunde, at virksomheden har ret til at offentligg\u00f8re alle de billeder og videoer, der blev taget under programmet (billederne og videoerne kan omfatte hver kunde) i salgsfremmende og kommercielle \u00f8jemed.<\/p>\n\n\n\n<p>P\u00e5 grund af visse uforudsete omst\u00e6ndigheder kan kunden annullere deltagelse i den aftalte aktivitet. Hvis virksomheden er enig, har kunden mulighed for at oml\u00e6gge den til en hvilken som helst ledig dato inden for de n\u00e6ste 3 m\u00e5neder.<\/p>\n\n\n\n<p>Vi \u00f8nsker, at du forlader vores by glad og fuld af nye sp\u00e6ndende eventyr. Vores team er dedikeret til at organisere store oplevelser. P\u00e5 trods af alle vores bestr\u00e6belser opfordrer vi dig til at give os feedback i enhver form. Hvis kunden har en klage, skal han\/hun g\u00f8re rejselederen opm\u00e6rksom p\u00e5 det med det samme. P\u00e5 den m\u00e5de har vores team mulighed for at rette op p\u00e5 situationen efter evaluering af klagen. Eventuelle \u00e6ndringer af turen af hensyn til kundens tilfredshed kan kun foretages, hvis klagen pr\u00e6senteres under turen. Klager indgivet p\u00e5 et senere tidspunkt vil ikke blive taget i betragtning. Hvis klagen blev indgivet under turen, og problemet forblev ul\u00f8st, skal en ny klage indgives skriftligt til virksomheden inden for 5 dage efter turens afslutning.<\/p>\n\n\n\n<p>Virksomheden forbeholder sig ret til at annullere programmet til enhver tid, hvis kunden ikke adlyder instruktionerne fra rejselederen og ser ud til at bringe turens sikre og behagelige forl\u00f8b i fare, kan kunden udelukkes fra hele eller dele af turen. I dette tilf\u00e6lde har kunden ikke ret til nogen refusion eller d\u00e6kning af eventuelle ekstraomkostninger, som kunderne p\u00e5drager sig som f\u00f8lge heraf.<\/p>\n\n\n\n<p>Alle kunder forventes at overholde lokale love og regler, og enhver undladelse af at g\u00f8re dette vil fritage virksomheden for alle forpligtelser, som de ellers m\u00e5tte have i henhold til disse reservationsbetingelser. Eventuelle skader eller tab for\u00e5rsaget af en kunde er kundens ansvar. Fuld betaling for s\u00e5danne skader eller tab skal p\u00e5 det tidspunkt betales direkte til leverand\u00f8ren. Hvis kunden ikke g\u00f8r dette, vil kunden v\u00e6re ansvarlig for at im\u00f8dekomme eventuelle krav (herunder sagsomkostninger), der efterf\u00f8lgende frems\u00e6ttes mod virksomheden som f\u00f8lge af kundens handlinger.<\/p>\n\n\n\n<p>Vores virksomhed er forpligtet til at fremme b\u00e6redygtighed. Bekymring for milj\u00f8et og fremme af en bredere b\u00e6redygtighedsdagsorden er en integreret del af vores virksomheds professionelle aktiviteter og ledelsen af organisationen. Vi sigter mod at f\u00f8lge og fremme god b\u00e6redygtighedspraksis, at reducere milj\u00f8p\u00e5virkningerne fra alle vores aktiviteter og at hj\u00e6lpe vores kunder og partnere med at g\u00f8re det samme.<\/p>\n\n\n\n<p><strong>Principper<\/strong><br>Vores b\u00e6redygtighedspolitik er baseret p\u00e5 f\u00f8lgende principper:<\/p>\n\n\n\n<ul class=\"wp-block-list\">\n<li>At overholde og, hvor det er praktisk muligt, overg\u00e5 alle g\u00e6ldende love, regler og retningslinjer for praksis.<\/li>\n\n\n\n<li>At integrere overvejelser om b\u00e6redygtighed i alle vores forretningsbeslutninger.<\/li>\n\n\n\n<li>At sikre, at alle medarbejdere er fuldt bevidste om vores b\u00e6redygtighedspolitik og er forpligtet til at implementere og forbedre den.<\/li>\n\n\n\n<li>At minimere indvirkningen p\u00e5 b\u00e6redygtigheden af alle kontor- og transportaktiviteter.<\/li>\n\n\n\n<li>At g\u00f8re kunder og leverand\u00f8rer opm\u00e6rksomme p\u00e5 vores b\u00e6redygtighedspolitik og opfordre dem til at indf\u00f8re sunde b\u00e6redygtige ledelsespraksisser.<\/li>\n\n\n\n<li>At gennemg\u00e5, \u00e5rligt rapportere og hele tiden str\u00e6be efter at forbedre vores b\u00e6redygtighedsresultater.<\/li>\n<\/ul>\n\n\n\n<p>De generelle vilk\u00e5r og betingelser og forholdet mellem en kunde og virksomheden er underlagt den lokale lovgivning uden hensyntagen til dens lovkonfliktbestemmelser. En kunde og virksomheden accepterer at underkaste sig den eksklusive jurisdiktion for den kompetente domstol i Ljubljana, Slovenien.<\/p>\n\n\n\n<p>Animacije, Marko Mikelj s.p., Rove 4C, 1410 Zagorje ob Savi, Skattenummer: SI 95311289, Virksomhedsregistreringsnummer: 26955504<br>Oplysninger til bankoverf\u00f8rsel:<br>Virksomhed: Marko Mikelj s.p., Rove 4C, 1410 Zagorje ob Savi<br>IBAN: SI56 6100 0002 7200 214<br>BIC: HDELSI22<br>Bank: Delavska Hranilnica d.d.<\/p>\n\n\n\n<p>Generelle vilk\u00e5r og betingelser tr\u00e6der i kraft p\u00e5 datoen 07.06.2022.<\/p>","protected":false},"excerpt":{"rendered":"<p>Generelle vilk\u00e5r og betingelser er den grundl\u00e6ggende del af denne reservationsaftale, der er indg\u00e5et mellem Marko Mikelj s.p. (i det f\u00f8lgende ben\u00e6vnt \"Virksomheden\") og kunderne. N\u00e5r kunden gennemf\u00f8rer bookingen, antages det, at han accepterer disse generelle vilk\u00e5r og betingelser. Den booking, kunden foretager, er obligatorisk, og derfor er det muligt for en ... <a href=\"https:\/\/ljubljananightlife.com\/da\/vilkar-for-service\/\">Fortsat<\/a><\/p>","protected":false},"author":43,"featured_media":0,"parent":0,"menu_order":0,"comment_status":"closed","ping_status":"closed","template":"","meta":{"_acf_changed":false,"footnotes":""},"class_list":["post-29","page","type-page","status-publish","hentry"],"acf":{"page_subheading":""},"_links":{"self":[{"href":"https:\/\/ljubljananightlife.com\/da\/wp-json\/wp\/v2\/pages\/29","targetHints":{"allow":["GET"]}}],"collection":[{"href":"https:\/\/ljubljananightlife.com\/da\/wp-json\/wp\/v2\/pages"}],"about":[{"href":"https:\/\/ljubljananightlife.com\/da\/wp-json\/wp\/v2\/types\/page"}],"author":[{"embeddable":true,"href":"https:\/\/ljubljananightlife.com\/da\/wp-json\/wp\/v2\/users\/43"}],"replies":[{"embeddable":true,"href":"https:\/\/ljubljananightlife.com\/da\/wp-json\/wp\/v2\/comments?post=29"}],"version-history":[{"count":3,"href":"https:\/\/ljubljananightlife.com\/da\/wp-json\/wp\/v2\/pages\/29\/revisions"}],"predecessor-version":[{"id":252,"href":"https:\/\/ljubljananightlife.com\/da\/wp-json\/wp\/v2\/pages\/29\/revisions\/252"}],"wp:attachment":[{"href":"https:\/\/ljubljananightlife.com\/da\/wp-json\/wp\/v2\/media?parent=29"}],"curies":[{"name":"wp","href":"https:\/\/api.w.org\/{rel}","templated":true}]}}